{"id":431,"date":"2015-02-22T19:55:57","date_gmt":"2015-02-22T19:55:57","guid":{"rendered":"http:\/\/wp\/enfold-medium-business\/?page_id=11"},"modified":"2019-01-10T12:35:57","modified_gmt":"2019-01-10T12:35:57","slug":"home","status":"publish","type":"page","link":"https:\/\/colorclub.pl\/","title":{"rendered":"Home"},"content":{"rendered":"<\/div><\/div><\/div><!-- close content main div --><\/div><\/div><div id='av_section_1' class='avia-section main_color avia-section-default avia-no-border-styling avia-full-stretch av-parallax-section av-section-color-overlay-active avia-bg-style-parallax  av-minimum-height av-minimum-height-100 container_wrap sidebar_right'  data-section-bg-repeat='stretch' ><div class='av-parallax' data-avia-parallax-ratio='0.3' ><div class='av-parallax-inner main_color  avia-full-stretch' style = 'background-repeat: no-repeat; background-image: url(https:\/\/colorclub.pl\/wp-content\/uploads\/2015\/02\/baner_g\u00f3ra.jpg); background-attachment: scroll; background-position: center center; ' ><\/div><\/div><div class='av-section-color-overlay-wrap'><div class='av-section-color-overlay' style='opacity: 0.3; background-color: #000000; '><\/div><div class='container' ><div class='template-page content  av-content-small alpha units'><div class='post-entry post-entry-type-page post-entry-431'><div class='entry-content-wrapper clearfix'>\n<div class=\"flex_column av_one_full  flex_column_div av-zero-column-padding first  \" style='border-radius:0px; '><p><div style='text-align:left; color:#ffffff; font-size:55px; ' class='av-rotator-container av-rotation-container-left ' data-interval='2' data-animation='1'><h2 class='av-rotator-container-inner'><span class='av-rotator-text av-rotator-multiline-on'>\n<span style='color:#ffffff; ' class='av-rotator-text-single av-rotator-text-single-1'>WSPARCIE<\/span>\n<span style='color:#ffffff; ' class='av-rotator-text-single av-rotator-text-single-2'>DLA<\/span>\n<span style='color:#ffffff; ' class='av-rotator-text-single av-rotator-text-single-3'>BIZNESU<\/span>\n<\/span><\/h2><\/div><br \/>\n<div style=' margin-top:40px; margin-bottom:40px;'  class='hr hr-custom hr-left hr-icon-no '><span class='hr-inner   inner-border-av-border-fat' style=' width:50px; border-color:#ffffff;' ><span class='hr-inner-style'><\/span><\/span><\/div><\/p><\/div>\n<\/div><\/div><\/div><!-- close content main div --><\/div><\/div><\/div><div id='after_section_1' class='main_color av_default_container_wrap container_wrap sidebar_right'   ><div class='container' ><div class='template-page content  av-content-small alpha units'><div class='post-entry post-entry-type-page post-entry-431'><div class='entry-content-wrapper clearfix'>\n<\/div><\/div><\/div><!-- close content main div --><\/div><\/div><div id='av_section_2' class='avia-section main_color avia-section-huge avia-no-border-styling avia-bg-style-scroll  container_wrap sidebar_right'   ><div class='container' ><div class='template-page content  av-content-small alpha units'><div class='post-entry post-entry-type-page post-entry-431'><div class='entry-content-wrapper clearfix'>\n<section class=\"avia_codeblock_section avia_code_block_0\"  itemscope=\"itemscope\" itemtype=\"https:\/\/schema.org\/CreativeWork\" ><div class='avia_codeblock '  itemprop=\"text\" > [avia_codeblock_placeholder uid=\"0\"] <\/div><\/section>\n<div class=\"flex_column av_one_fifth  flex_column_div first  \" ><\/div><div class=\"flex_column av_three_fifth  flex_column_div av-zero-column-padding   \" style='border-radius:0px; '><p><div style='padding-bottom:10px;font-size:40px;' class='av-special-heading av-special-heading-h1  blockquote modern-quote modern-centered   av-thin-font av-inherit-size'><h1 class='av-special-heading-tag'  itemprop=\"headline\"  >Z Nami <strong>drukowanie<\/strong> jest proste<\/h1><div class='special-heading-border'><div class='special-heading-inner-border' ><\/div><\/div><\/div><br \/>\n<div style='padding-bottom:10px;font-size:35px;' class='av-special-heading av-special-heading-h3  blockquote modern-quote modern-centered   av-inherit-size'><h3 class='av-special-heading-tag'  itemprop=\"headline\"  >Sprawd\u017a co mo\u017cemy Ci zaoferowa\u0107<\/h3><div class='special-heading-border'><div class='special-heading-inner-border' ><\/div><\/div><\/div><\/p><\/div><div class=\"flex_column av_one_fifth  flex_column_div av-zero-column-padding   \" style='border-radius:0px; '><\/div><div class=\"flex_column av_one_fifth  flex_column_div av-zero-column-padding first  \" style='border-radius:0px; '><p><div class='avia-image-container  av-styling-   avia-align-center '  itemscope=\"itemscope\" itemtype=\"https:\/\/schema.org\/ImageObject\"  ><div class='avia-image-container-inner'><img class='avia_image ' src='https:\/\/colorclub.pl\/wp-content\/uploads\/2015\/02\/IKONY_strona-02-e1544691112929.png' alt='' title='druk cyfrowy, offsetowy, wielkoformatowy'   itemprop=\"thumbnailUrl\"  \/><\/div><\/div><br \/>\n<div style='padding-bottom:0px;font-size:21px;' class='av-special-heading av-special-heading-h4  blockquote modern-quote modern-centered   av-inherit-size'><h4 class='av-special-heading-tag'  itemprop=\"headline\"  ><span style=\"font-weight: bold;\">druk<\/span> cyfrowy, offsetowy, wielkoformatowy<\/h4><div class='special-heading-border'><div class='special-heading-inner-border' ><\/div><\/div><\/div><\/p><\/div><div class=\"flex_column av_one_fifth  flex_column_div av-zero-column-padding   \" style='border-radius:0px; '><p><div class='avia-image-container  av-styling-   avia-align-center '  itemscope=\"itemscope\" itemtype=\"https:\/\/schema.org\/ImageObject\"  ><div class='avia-image-container-inner'><img class='avia_image ' src='https:\/\/colorclub.pl\/wp-content\/uploads\/2015\/02\/IKONY_strona-10-e1545040589319.png' alt='' title='IKONY_strona-10'   itemprop=\"thumbnailUrl\"  \/><\/div><\/div><br \/>\n<div style='padding-bottom:0px;font-size:21px;' class='av-special-heading av-special-heading-h4  blockquote modern-quote modern-centered   av-inherit-size'><h4 class='av-special-heading-tag'  itemprop=\"headline\"  ><span style=\"font-weight: bold;\">gad\u017cety<\/span> reklamowe<\/h4><div class='special-heading-border'><div class='special-heading-inner-border' ><\/div><\/div><\/div><\/p><\/div><div class=\"flex_column av_one_fifth  flex_column_div av-zero-column-padding   \" style='border-radius:0px; '><p><div class='avia-image-container  av-styling-   avia-align-center '  itemscope=\"itemscope\" itemtype=\"https:\/\/schema.org\/ImageObject\"  ><div class='avia-image-container-inner'><img class='avia_image ' src='https:\/\/colorclub.pl\/wp-content\/uploads\/2015\/02\/IKONY_strona-06-e1544691166160.png' alt='' title='projektowanie i sk\u0142ad DTP'   itemprop=\"thumbnailUrl\"  \/><\/div><\/div><br \/>\n<div style='padding-bottom:0px;font-size:21px;' class='av-special-heading av-special-heading-h4  blockquote modern-quote modern-centered   av-inherit-size'><h4 class='av-special-heading-tag'  itemprop=\"headline\"  ><span style=\"font-weight: bold;\">projektowanie<\/span><br \/>\ni sk\u0142ad DTP<\/h4><div class='special-heading-border'><div class='special-heading-inner-border' ><\/div><\/div><\/div><\/p><\/div><div class=\"flex_column av_one_fifth  flex_column_div av-zero-column-padding   \" style='border-radius:0px; '><p><div class='avia-image-container  av-styling-   avia-align-center '  itemscope=\"itemscope\" itemtype=\"https:\/\/schema.org\/ImageObject\"  ><div class='avia-image-container-inner'><img class='avia_image ' src='https:\/\/colorclub.pl\/wp-content\/uploads\/2015\/02\/IKONY_strona-03-e1544691135927.png' alt='' title='projektowanie stron WWW'   itemprop=\"thumbnailUrl\"  \/><\/div><\/div><br \/>\n<div style='padding-bottom:0px;font-size:21px;' class='av-special-heading av-special-heading-h4  blockquote modern-quote modern-centered   av-inherit-size'><h4 class='av-special-heading-tag'  itemprop=\"headline\"  ><span style=\"font-weight: bold;\">projektowanie<\/span><br \/>\nstron www<\/h4><div class='special-heading-border'><div class='special-heading-inner-border' ><\/div><\/div><\/div><\/p><\/div><div class=\"flex_column av_one_fifth  flex_column_div av-zero-column-padding   \" style='border-radius:0px; '><p><div class='avia-image-container  av-styling-   avia-align-center '  itemscope=\"itemscope\" itemtype=\"https:\/\/schema.org\/ImageObject\"  ><div class='avia-image-container-inner'><img class='avia_image ' src='https:\/\/colorclub.pl\/wp-content\/uploads\/2015\/02\/IKONY_strona-05-e1544691150431.png' alt='' title='us\u0142ugi transportowe (ca\u0142a Polska)'   itemprop=\"thumbnailUrl\"  \/><\/div><\/div><br \/>\n<div style='padding-bottom:0px;font-size:21px;' class='av-special-heading av-special-heading-h4  blockquote modern-quote modern-centered   av-inherit-size'><h4 class='av-special-heading-tag'  itemprop=\"headline\"  >us\u0142ugi <span style=\"font-weight: bold;\">transportowe<\/span><br \/>\n(ca\u0142a Polska)<\/h4><div class='special-heading-border'><div class='special-heading-inner-border' ><\/div><\/div><\/div><\/p><\/div>\n<\/div><\/div><\/div><!-- close content main div --><\/div><\/div><div id='after_section_2' class='main_color av_default_container_wrap container_wrap sidebar_right'   ><div class='container' ><div class='template-page content  av-content-small alpha units'><div class='post-entry post-entry-type-page post-entry-431'><div class='entry-content-wrapper clearfix'>\n<section class=\"avia_codeblock_section avia_code_block_1\"  itemscope=\"itemscope\" itemtype=\"https:\/\/schema.org\/CreativeWork\" ><div class='avia_codeblock '  itemprop=\"text\" > [avia_codeblock_placeholder uid=\"1\"] <\/div><\/section>\n<div style='padding-bottom:10px;font-size:40px;' class='av-special-heading av-special-heading-h2  blockquote modern-quote modern-centered   av-inherit-size'><h2 class='av-special-heading-tag'  itemprop=\"headline\"  >Oferta<\/h2><div class='special-heading-border'><div class='special-heading-inner-border' ><\/div><\/div><\/div>\n<div class=\"togglecontainer toggle_close_all \">\n<section class=\"av_toggle_section\"  itemscope=\"itemscope\" itemtype=\"https:\/\/schema.org\/CreativeWork\" >    <div class=\"single_toggle\" data-tags=\"{All} \" >        <p data-fake-id=\"#toggle-id-1\" class=\"toggler \"  itemprop=\"headline\" >DRUK CYFROWY<span class=\"toggle_icon\">        <span class=\"vert_icon\"><\/span><span class=\"hor_icon\"><\/span><\/span><\/p>        <div id=\"toggle-id-1-container\" class=\"toggle_wrap \" >            <div class=\"toggle_content invers-color\"  itemprop=\"text\" ><p>Drukujemy zar\u00f3wno w\u00a0<strong>kolorach<\/strong>, jak i samej\u00a0<strong>czerni<\/strong>:<\/p>\n<p>minimalna gramatura papieru:\u00a0<strong>80 g<\/strong><\/p>\n<p>maksymalna gramatura papieru:<strong>\u00a0350 g<\/strong><\/p>\n<p>papier\u00a0<strong>powlekany<\/strong>, papier\u00a0<strong>niepowlekany<\/strong>, papier\u00a0<strong>offsetowy<\/strong>, papier\u00a0<strong>samoprzylepny<\/strong>,\u00a0<strong>folie<\/strong><\/p>\n            <\/div>        <\/div>    <\/div><\/section>\n<section class=\"av_toggle_section\"  itemscope=\"itemscope\" itemtype=\"https:\/\/schema.org\/CreativeWork\" >    <div class=\"single_toggle\" data-tags=\"{All} \" >        <p data-fake-id=\"#toggle-id-2\" class=\"toggler \"  itemprop=\"headline\" >DRUK WIELKOFORMATOWY<span class=\"toggle_icon\">        <span class=\"vert_icon\"><\/span><span class=\"hor_icon\"><\/span><\/span><\/p>        <div id=\"toggle-id-2-container\" class=\"toggle_wrap \" >            <div class=\"toggle_content invers-color\"  itemprop=\"text\" ><p>banery<\/p>\n<p>folie samoprzylepne<\/p>\n<p>folie one way vision<\/p>\n<p>siatki mesh<\/p>\n<p>roll up-y<\/p>\n<p>plakaty<\/p>\n<p>tablice pcv, pcw itp.<\/p>\n            <\/div>        <\/div>    <\/div><\/section>\n<section class=\"av_toggle_section\"  itemscope=\"itemscope\" itemtype=\"https:\/\/schema.org\/CreativeWork\" >    <div class=\"single_toggle\" data-tags=\"{All} \" >        <p data-fake-id=\"#toggle-id-3\" class=\"toggler \"  itemprop=\"headline\" >DRUK OFFSETOWY<span class=\"toggle_icon\">        <span class=\"vert_icon\"><\/span><span class=\"hor_icon\"><\/span><\/span><\/p>        <div id=\"toggle-id-3-container\" class=\"toggle_wrap \" >            <div class=\"toggle_content invers-color\"  itemprop=\"text\" ><p>katalogi,<\/p>\n<p>foldery,<\/p>\n<p>ksi\u0105\u017cki,<\/p>\n<p>czasopisma,<\/p>\n<p>plakaty,<\/p>\n<p>zaproszenia,<\/p>\n<p>poczt\u00f3wki,<\/p>\n<p>teczki,<\/p>\n<p>naklejki,<\/p>\n<p>bloczki,<\/p>\n<p>wizyt\u00f3wki,<\/p>\n<p>ulotki,<\/p>\n<p>kalendarze,<\/p>\n<p>nadruk na kopertach,<\/p>\n<p>i wiele innych prac.<\/p>\n            <\/div>        <\/div>    <\/div><\/section>\n<section class=\"av_toggle_section\"  itemscope=\"itemscope\" itemtype=\"https:\/\/schema.org\/CreativeWork\" >    <div class=\"single_toggle\" data-tags=\"{All} \" >        <p data-fake-id=\"#toggle-id-4\" class=\"toggler \"  itemprop=\"headline\" >INNE<span class=\"toggle_icon\">        <span class=\"vert_icon\"><\/span><span class=\"hor_icon\"><\/span><\/span><\/p>        <div id=\"toggle-id-4-container\" class=\"toggle_wrap \" >            <div class=\"toggle_content invers-color\"  itemprop=\"text\" ><p>przygotowanie do druku,<\/p>\n<p>proofy cyfrowe,<\/p>\n<p>numerowanie druk\u00f3w,<\/p>\n<p>personalizacja druk\u00f3w,<\/p>\n<p>opraw\u0119 mi\u0119kk\u0105 i tward\u0105,<\/p>\n<p>opraw\u0119 zeszytow\u0105,<\/p>\n<p>falcowanie, bigowanie, sztancowanie, rycowanie,<\/p>\n<p>uszlachetnianie druk\u00f3w (folia b\u0142ysk, mat, UV i UV wybi\u00f3rczo, lakier dyspersyjny i offsetowy),<\/p>\n<p>produkcj\u0119 gad\u017cet\u00f3w reklamowych z nadrukiem,<\/p>\n            <\/div>        <\/div>    <\/div><\/section>\n<\/div>\n<div style=' margin-top:70px; margin-bottom:70px;'  class='hr hr-custom hr-center hr-icon-no '><span class='hr-inner   inner-border-av-border-fat' style=' width:50px; border-color:#000000;' ><span class='hr-inner-style'><\/span><\/span><\/div>\n<\/div><\/div><\/div><!-- close content main div --><\/div><\/div><div id='av_section_3' class='avia-section main_color avia-section-large avia-no-border-styling avia-full-stretch av-parallax-section av-section-color-overlay-active avia-bg-style-parallax  av-minimum-height av-minimum-height-75 container_wrap sidebar_right'  data-section-bg-repeat='stretch' ><div class='av-parallax' data-avia-parallax-ratio='0.3' ><div class='av-parallax-inner main_color  avia-full-stretch' style = 'background-repeat: no-repeat; background-image: url(https:\/\/colorclub.pl\/wp-content\/uploads\/2015\/02\/baner_\u015brodek.jpg); background-attachment: scroll; background-position: center right; ' ><\/div><\/div><div class='av-section-color-overlay-wrap'><div class='av-section-color-overlay' style='opacity: 0.5; background-color: #000000; '><\/div><div class='container' ><div class='template-page content  av-content-small alpha units'><div class='post-entry post-entry-type-page post-entry-431'><div class='entry-content-wrapper clearfix'>\n<div class=\"flex_column av_one_half  flex_column_div av-zero-column-padding first  \" style='border-radius:0px; '><p><div style='padding-bottom:10px;color:#ffffff;' class='av-special-heading av-special-heading-h1 custom-color-heading blockquote modern-quote  '><h1 class='av-special-heading-tag'  itemprop=\"headline\"  >Nasze studio DTP oferuje us\u0142ugi w zakresie:<\/h1><div class='special-heading-border'><div class='special-heading-inner-border' style='border-color:#ffffff'><\/div><\/div><\/div><br \/>\n<div style=' margin-top:10px; margin-bottom:10px;'  class='hr hr-custom hr-left hr-icon-no '><span class='hr-inner   inner-border-av-border-fat' style=' width:50px; border-color:#ffffff;' ><span class='hr-inner-style'><\/span><\/span><\/div><br \/>\n<section class=\"av_textblock_section\"  itemscope=\"itemscope\" itemtype=\"https:\/\/schema.org\/CreativeWork\" ><div class='avia_textblock  av_inherit_color'  style='color:#ffffff; '  itemprop=\"text\" ><ul>\n<li>\n<h4><span style=\"vertical-align: inherit;\"><span style=\"vertical-align: inherit;\">Projektowania (ulotki, wizyt\u00f3wki, broszury, teczki, plakaty, strony www i wiele innych)<\/span><\/span><\/h4>\n<\/li>\n<li>\n<h4><span style=\"vertical-align: inherit;\"><span style=\"vertical-align: inherit;\">Sk\u0142adu komputerowego<\/span><\/span><\/h4>\n<\/li>\n<li>\n<h4><span style=\"vertical-align: inherit;\"><span style=\"vertical-align: inherit;\">Obr\u00f3bki zdj\u0119ciowej<\/span><\/span><\/h4>\n<\/li>\n<li>\n<h4>Doradztwa w zakresie przygotowania prac do druku<\/h4>\n<\/li>\n<\/ul>\n<\/div><\/section><\/p><\/div>\n<\/div><\/div><\/div><!-- close content main div --><\/div><\/div><\/div><div id='after_section_3' class='main_color av_default_container_wrap container_wrap sidebar_right'   ><div class='container' ><div class='template-page content  av-content-small alpha units'><div class='post-entry post-entry-type-page post-entry-431'><div class='entry-content-wrapper clearfix'>\n<section class=\"avia_codeblock_section avia_code_block_2\"  itemscope=\"itemscope\" itemtype=\"https:\/\/schema.org\/CreativeWork\" ><div class='avia_codeblock '  itemprop=\"text\" > [avia_codeblock_placeholder uid=\"2\"] <\/div><\/section>\n<div style='padding-bottom:10px;font-size:40px;' class='av-special-heading av-special-heading-h2  blockquote modern-quote modern-centered   av-inherit-size'><h2 class='av-special-heading-tag'  itemprop=\"headline\"  >Realizacje stron www<\/h2><div class='special-heading-border'><div class='special-heading-inner-border' ><\/div><\/div><\/div>\n<div style=' margin-top:70px; margin-bottom:70px;'  class='hr hr-custom hr-center hr-icon-no '><span class='hr-inner   inner-border-av-border-fat' style=' width:50px; border-color:#000000;' ><span class='hr-inner-style'><\/span><\/span><\/div>\n<div class='avia-gallery avia-gallery-1 deactivate_avia_lazyload avia_animate_when_visible '  itemscope=\"itemscope\" itemtype=\"https:\/\/schema.org\/ImageObject\" ><div class='avia-gallery-thumb'> <a href='https:\/\/colorclub.pl\/wp-content\/uploads\/2015\/02\/03a-1-1030x599.jpg' data-rel='gallery-1' data-prev-img='https:\/\/colorclub.pl\/wp-content\/uploads\/2015\/02\/03a-1.jpg' class='first_thumb avianolink noLightbox ' data-onclick='1' title=''  itemprop=\"thumbnailUrl\" ><img  src='https:\/\/colorclub.pl\/wp-content\/uploads\/2015\/02\/03a-1.jpg' width='1376' height='800'  title='' alt='' \/><\/a> <a href='https:\/\/colorclub.pl\/wp-content\/uploads\/2015\/02\/13b-1030x599.jpg' data-rel='gallery-1' data-prev-img='https:\/\/colorclub.pl\/wp-content\/uploads\/2015\/02\/13b.jpg' class='avianolink noLightbox ' data-onclick='2' title=''  itemprop=\"thumbnailUrl\" ><img  src='https:\/\/colorclub.pl\/wp-content\/uploads\/2015\/02\/13b.jpg' width='1376' height='800'  title='' alt='' \/><\/a> <a href='https:\/\/colorclub.pl\/wp-content\/uploads\/2015\/02\/09a-1030x599.jpg' data-rel='gallery-1' data-prev-img='https:\/\/colorclub.pl\/wp-content\/uploads\/2015\/02\/09a.jpg' class='avianolink noLightbox ' data-onclick='3' title=''  itemprop=\"thumbnailUrl\" ><img  src='https:\/\/colorclub.pl\/wp-content\/uploads\/2015\/02\/09a.jpg' width='1376' height='800'  title='' alt='' \/><\/a> <a href='https:\/\/colorclub.pl\/wp-content\/uploads\/2015\/02\/09b-1030x599.jpg' data-rel='gallery-1' data-prev-img='https:\/\/colorclub.pl\/wp-content\/uploads\/2015\/02\/09b.jpg' class='first_thumb avianolink noLightbox ' data-onclick='4' title=''  itemprop=\"thumbnailUrl\" ><img  src='https:\/\/colorclub.pl\/wp-content\/uploads\/2015\/02\/09b.jpg' width='1376' height='800'  title='' alt='' \/><\/a> <a href='https:\/\/colorclub.pl\/wp-content\/uploads\/2015\/02\/14a-1030x599.jpg' data-rel='gallery-1' data-prev-img='https:\/\/colorclub.pl\/wp-content\/uploads\/2015\/02\/14a.jpg' class='avianolink noLightbox ' data-onclick='5' title=''  itemprop=\"thumbnailUrl\" ><img  src='https:\/\/colorclub.pl\/wp-content\/uploads\/2015\/02\/14a.jpg' width='1376' height='800'  title='' alt='' \/><\/a> <a href='https:\/\/colorclub.pl\/wp-content\/uploads\/2015\/02\/14d-1030x599.jpg' data-rel='gallery-1' data-prev-img='https:\/\/colorclub.pl\/wp-content\/uploads\/2015\/02\/14d.jpg' class='avianolink noLightbox ' data-onclick='6' title=''  itemprop=\"thumbnailUrl\" ><img  src='https:\/\/colorclub.pl\/wp-content\/uploads\/2015\/02\/14d.jpg' width='1376' height='800'  title='' alt='' \/><\/a><\/div><\/div>\n<section class=\"avia_codeblock_section avia_code_block_3\"  itemscope=\"itemscope\" itemtype=\"https:\/\/schema.org\/CreativeWork\" ><div class='avia_codeblock '  itemprop=\"text\" > [avia_codeblock_placeholder uid=\"3\"] <\/div><\/section>\n<\/div><\/div><\/div><!-- close content main div --><\/div><\/div><div id='av_section_4' class='avia-section main_color avia-section-large avia-no-border-styling avia-full-stretch av-parallax-section av-section-color-overlay-active avia-bg-style-parallax  av-minimum-height av-minimum-height-75 container_wrap sidebar_right'  data-section-bg-repeat='stretch' ><div class='av-parallax' data-avia-parallax-ratio='0.3' ><div class='av-parallax-inner main_color  avia-full-stretch' style = 'background-repeat: no-repeat; background-image: url(https:\/\/colorclub.pl\/wp-content\/uploads\/2015\/02\/baner_d\u00f3\u0142.jpg); background-attachment: scroll; background-position: center center; ' ><\/div><\/div><div class='av-section-color-overlay-wrap'><div class='av-section-color-overlay' style='opacity: 0.5; background-color: #000000; '><\/div><div class='container' ><div class='template-page content  av-content-small alpha units'><div class='post-entry post-entry-type-page post-entry-431'><div class='entry-content-wrapper clearfix'>\n<div class=\"flex_column av_one_full  flex_column_div av-zero-column-padding first  \" style='border-radius:0px; '><p><div style='padding-bottom:10px;color:#ffffff;font-size:35px;' class='av-special-heading av-special-heading-h1 custom-color-heading blockquote modern-quote modern-centered   av-inherit-size'><h1 class='av-special-heading-tag'  itemprop=\"headline\"  >kontakt<\/h1><div class='special-heading-border'><div class='special-heading-inner-border' style='border-color:#ffffff'><\/div><\/div><\/div><br \/>\n<div style=' margin-top:50; margin-bottom:40px;'  class='hr hr-custom hr-center hr-icon-no '><span class='hr-inner   inner-border-av-border-fat' style=' width:70; border-color:rgba(0,0,0,0.01);' ><span class='hr-inner-style'><\/span><\/span><\/div><br \/>\n<section class=\"av_textblock_section\"  itemscope=\"itemscope\" itemtype=\"https:\/\/schema.org\/CreativeWork\" ><div class='avia_textblock  av_inherit_color'  style='color:#ffffff; '  itemprop=\"text\" ><h3 style=\"text-align: center;\" data-fontsize=\"26\" data-lineheight=\"30\"><span style=\"vertical-align: inherit;\"><span style=\"vertical-align: inherit;\">colorclub.pl<\/span><\/span><\/h3>\n<h3 class=\"fusion-li-item-content\" style=\"text-align: center;\"><b><span style=\"vertical-align: inherit;\"><span style=\"vertical-align: inherit;\">501 130 702<\/span><\/span><\/b><\/h3>\n<h3 class=\"fusion-li-item-content\" style=\"text-align: center;\">studio@colorclub.pl<\/h3>\n<\/div><\/section><br \/>\n<div style=' margin-top:50; margin-bottom:40px;'  class='hr hr-custom hr-center hr-icon-no '><span class='hr-inner   inner-border-av-border-fat' style=' width:70; border-color:rgba(0,0,0,0.01);' ><span class='hr-inner-style'><\/span><\/span><\/div><br \/>\n<section class=\"av_textblock_section\"  itemscope=\"itemscope\" itemtype=\"https:\/\/schema.org\/CreativeWork\" ><div class='avia_textblock  av_inherit_color'  style='color:#ffffff; '  itemprop=\"text\" ><p style=\"text-align: center;\" data-fontsize=\"30\" data-lineheight=\"35\">Ka\u017cdego Klienta i ka\u017cde zlecenie traktujemy indywidualnie.<br \/>\nW celu uzyskania wyceny prosimy o kontakt:<\/p>\n<\/div><\/section><br \/>\n<div class='avia-button-wrap avia-button-center '><a href='mailto:mailto:studio@colorclub.pl' class='avia-button  avia-icon_select-yes-left-icon avia-color-theme-color avia-size-large avia-position-center '   ><span class='avia_button_icon avia_button_icon_left ' aria-hidden='true' data-av_icon='\ue805' data-av_iconfont='entypo-fontello'><\/span><span class='avia_iconbox_title' >KONTAKT<\/span><\/a><\/div><\/p><\/div>\n<\/div><\/div><\/div><!-- close content main div --><\/div><\/div><\/div><div id='after_section_4' class='main_color av_default_container_wrap container_wrap sidebar_right'   ><div class='container' ><div class='template-page content  av-content-small alpha units'><div class='post-entry post-entry-type-page post-entry-431'><div class='entry-content-wrapper clearfix'>\n<\/div><\/div><\/div><!-- close content main div --><\/div><\/div><div id='av_section_5' class='avia-section footer_color avia-section-small avia-no-border-styling avia-bg-style-scroll  container_wrap sidebar_right' style = 'background-color: #ed1c23; '  ><div class='container' ><div class='template-page content  av-content-small alpha units'><div class='post-entry post-entry-type-page post-entry-431'><div class='entry-content-wrapper clearfix'>\n<section class=\"av_textblock_section\"  itemscope=\"itemscope\" itemtype=\"https:\/\/schema.org\/CreativeWork\" ><div class='avia_textblock  av_inherit_color'  style='font-size:13px; color:#ffffff; '  itemprop=\"text\" ><p style=\"text-align: center;\" data-fontsize=\"30\" data-lineheight=\"35&gt;&lt;span style=\"><span style=\"color: #ffffff;\">Copyright \u00a9\u00a02018\u00a0Colorclub.pl. All Rights Reserved.<\/span><br \/>\n<span style=\"color: #ffffff;\"> Webdesign by <a style=\"color: #ffffff;\" href=\"http:\/\/pink-design.pl\">Pink Design<\/a><\/span><\/p>\n<\/div><\/section>\n<\/div><\/div><\/div><!-- close content main div --><\/div><\/div><div id='after_section_5' class='main_color av_default_container_wrap container_wrap sidebar_right'   ><div class='container' ><div class='template-page content  av-content-small alpha units'><div class='post-entry post-entry-type-page post-entry-431'><div class='entry-content-wrapper clearfix'>\n","protected":false},"excerpt":{"rendered":"","protected":false},"author":1,"featured_media":0,"parent":0,"menu_order":0,"comment_status":"open","ping_status":"open","template":"","meta":{"footnotes":""},"class_list":["post-431","page","type-page","status-publish","hentry"],"_links":{"self":[{"href":"https:\/\/colorclub.pl\/index.php?rest_route=\/wp\/v2\/pages\/431","targetHints":{"allow":["GET"]}}],"collection":[{"href":"https:\/\/colorclub.pl\/index.php?rest_route=\/wp\/v2\/pages"}],"about":[{"href":"https:\/\/colorclub.pl\/index.php?rest_route=\/wp\/v2\/types\/page"}],"author":[{"embeddable":true,"href":"https:\/\/colorclub.pl\/index.php?rest_route=\/wp\/v2\/users\/1"}],"replies":[{"embeddable":true,"href":"https:\/\/colorclub.pl\/index.php?rest_route=%2Fwp%2Fv2%2Fcomments&post=431"}],"version-history":[{"count":5,"href":"https:\/\/colorclub.pl\/index.php?rest_route=\/wp\/v2\/pages\/431\/revisions"}],"predecessor-version":[{"id":846,"href":"https:\/\/colorclub.pl\/index.php?rest_route=\/wp\/v2\/pages\/431\/revisions\/846"}],"wp:attachment":[{"href":"https:\/\/colorclub.pl\/index.php?rest_route=%2Fwp%2Fv2%2Fmedia&parent=431"}],"curies":[{"name":"wp","href":"https:\/\/api.w.org\/{rel}","templated":true}]}}